{"id":41008,"date":"2022-09-14T20:48:00","date_gmt":"2022-09-14T18:48:00","guid":{"rendered":"https:\/\/langforsen.se\/restaurang\/"},"modified":"2022-09-14T20:48:00","modified_gmt":"2022-09-14T18:48:00","slug":"restaurang","status":"publish","type":"page","link":"https:\/\/langforsen.se\/sv\/restaurang\/","title":{"rendered":"Restaurang L\u00e5ngforsen"},"content":{"rendered":"","protected":false},"excerpt":{"rendered":"<p>V\u00e5r kvalitativa restaurang n\u00e4ra Kalix Haparanda och \u00d6vertorne\u00e5 serverar en svenskinspirerad meny med kulinariska tekniker och f\u00e4rska r\u00e5varor fr\u00e5n b\u00e5de n\u00e4romr\u00e5det och andra st\u00e4llen. V\u00e5r bar serverar \u00e4ven cocktails, \u00f6l, vin och l\u00e4sk. <\/p>\n","protected":false},"author":213336414,"featured_media":0,"parent":0,"menu_order":0,"comment_status":"closed","ping_status":"closed","template":"","meta":{"advanced_seo_description":"","jetpack_seo_html_title":"","jetpack_seo_noindex":false,"footnotes":""},"class_list":["post-41008","page","type-page","status-publish","hentry"],"jetpack_shortlink":"https:\/\/wp.me\/PdurC3-aFq","jetpack_sharing_enabled":true,"_links":{"self":[{"href":"https:\/\/langforsen.se\/sv\/wp-json\/wp\/v2\/pages\/41008","targetHints":{"allow":["GET"]}}],"collection":[{"href":"https:\/\/langforsen.se\/sv\/wp-json\/wp\/v2\/pages"}],"about":[{"href":"https:\/\/langforsen.se\/sv\/wp-json\/wp\/v2\/types\/page"}],"author":[{"embeddable":true,"href":"https:\/\/langforsen.se\/sv\/wp-json\/wp\/v2\/users\/213336414"}],"replies":[{"embeddable":true,"href":"https:\/\/langforsen.se\/sv\/wp-json\/wp\/v2\/comments?post=41008"}],"version-history":[{"count":0,"href":"https:\/\/langforsen.se\/sv\/wp-json\/wp\/v2\/pages\/41008\/revisions"}],"wp:attachment":[{"href":"https:\/\/langforsen.se\/sv\/wp-json\/wp\/v2\/media?parent=41008"}],"curies":[{"name":"wp","href":"https:\/\/api.w.org\/{rel}","templated":true}]}}